{"id":7771,"date":"2023-12-11T12:47:09","date_gmt":"2023-12-11T11:47:09","guid":{"rendered":"https:\/\/www.nicdo.es\/?page_id=7771"},"modified":"2025-09-15T14:55:27","modified_gmt":"2025-09-15T12:55:27","slug":"gift-card","status":"publish","type":"page","link":"https:\/\/www.nicdo.es\/en\/gift-card\/","title":{"rendered":"Gif Card"},"content":{"rendered":"<div class=\"texto-navidad\">\n<h1>REGALA CULTURA Y ESPECT\u00c1CULOS.<br \/>\nREGALA ALEGR\u00cdA Y MOMENTOS \u00daNICOS CON QUIEN M\u00c1S QUIERAS.<\/h1>\n<h2>NUEVA TARJETA REGALO NICDO<\/h2>\n<h3>De 50\u20ac, 100\u20ac y 150\u20ac<\/h3>\n<p>Con ella puedes regalar conciertos, ballet, \u00f3pera, espect\u00e1culos, exposiciones, festivales propios o pel\u00edculas\u2026 ya que esta tarjeta regalo se puede canjear por entradas de Baluarte, Navarra Arena, Filmoteca de Navarra y Planetario.<\/p>\n<p class=\"small\">No se incluyen aquellos eventos que no se vendan a trav\u00e9s de la plataforma de venta de entradas de NICDO (puedes consultarlos en la p\u00e1gina del sistema de ventas de Bac\u00e1ntix de cada espacio: Baluarte y Navarra Arena, Planetario y Filmoteca de Navarra).<\/p>\n<\/div>\n<div class=\"texto-canjeo\">\n<h3>C\u00f3mo canjear tu tarjeta regalo<\/h3>\n<p><em>EN TAQUILLA<\/em><br \/>\nEn las taquillas de Baluarte, en CC. La Morea, Navarra Arena, Filmoteca y Planetario, la tarjeta se podr\u00e1 canjear con la primera compra.<br \/>\n1. Entonces se vincular\u00e1 dicha tarjeta a tu cuenta cliente. Si no tienes cuenta, se podr\u00e1 crear en ese mismo momento en la propia taquilla.<br \/>\n2. Creada la cuenta cliente, podr\u00e1s canjearla inmediatamente en la propia taquilla o en todo momento a trav\u00e9s de la web www.nicdo.es.<\/p>\n<p><em>ENVUELVE TU TARJETA CON UN PACKAGING ESPECIAL<\/em><br \/>\nSi quieres que tu tarjeta regalo tenga un envoltorio especial, pasa por nuestras taquillas para completar el regalo y personalizar tu tarjeta.<\/p>\n<p><em>EN LA WEB<\/em><br \/>\n1. Para canjearla en web, al realizar la primera compra deber\u00e1s identificarte con tu cuenta cliente. Si no tienes una cuenta, deber\u00e1s registrarte facilitando un email v\u00e1lido.<br \/>\n2. Una vez creada la cuenta, deber\u00e1s introducir el c\u00f3digo de la tarjeta regalo para su vinculaci\u00f3n en la compra online. Con tu cuenta de cliente, puedes consultar el saldo disponible en todo momento.<\/p>\n<div class=\"content-button\"><a href=\"https:\/\/entradas.nicdo.es\/selection\/service?productId=10229468557809\" target=\"_blank\" rel=\"noopener\">CANJEA TU TARJETA AQU\u00cd<\/a><\/div>\n<\/div>\n<div class=\"texto-info\">\n<p>Si necesitas m\u00e1s informaci\u00f3n puedes consultar condiciones en www.nicdo.es\/tarjetaregalo, llamar al 948 066 066<br \/>\no enviarnos un correo a <a href=\"mailto:ticketing@nicdo.es\">ticketing@nicdo.es<\/a><\/p>\n<p class=\"small\">*El importe se podr\u00e1 utilizar en cuantos eventos se desee hasta agotarlo. En caso de no ser suficiente su saldo, se puede completar con otro pago externo.<br \/>\n*No se permite canjear el regalo por dinero en efectivo, ni por el total ni por el saldo remante tras una venta.<br \/>\n*La validez de la tarjeta es de un a\u00f1o a partir de la fecha de adquisici\u00f3n. A partir de ese plazo la tarjeta deja de tener validez.<\/p>\n<\/div>\n","protected":false},"excerpt":{"rendered":"<p>REGALA CULTURA Y ESPECT\u00c1CULOS. REGALA ALEGR\u00cdA Y MOMENTOS \u00daNICOS CON QUIEN M\u00c1S QUIERAS. NUEVA TARJETA REGALO NICDO De 50\u20ac, 100\u20ac y 150\u20ac Con ella puedes regalar conciertos, ballet, \u00f3pera, espect\u00e1culos, exposiciones, festivales propios o pel\u00edculas\u2026 ya que esta tarjeta regalo se puede canjear por entradas de Baluarte, Navarra Arena, Filmoteca de Navarra y Planetario. No [&hellip;]<\/p>\n","protected":false},"author":640,"featured_media":0,"parent":0,"menu_order":0,"comment_status":"closed","ping_status":"closed","template":"landing-navidad.php","meta":{"inline_featured_image":false,"footnotes":""},"class_list":["post-7771","page","type-page","status-publish","hentry"],"acf":[],"featured_image_src":null,"yoast_head":"<!-- This site is optimized with the Yoast SEO plugin v23.7 - https:\/\/yoast.com\/wordpress\/plugins\/seo\/ -->\n<title>Gif Card - NICDO<\/title>\n<meta name=\"robots\" content=\"index, follow, max-snippet:-1, max-image-preview:large, max-video-preview:-1\" \/>\n<link rel=\"canonical\" href=\"https:\/\/www.nicdo.es\/en\/gift-card\/\" \/>\n<meta property=\"og:locale\" content=\"en_US\" \/>\n<meta property=\"og:type\" content=\"article\" \/>\n<meta property=\"og:title\" content=\"Gif Card - NICDO\" \/>\n<meta property=\"og:description\" content=\"REGALA CULTURA Y ESPECT\u00c1CULOS. REGALA ALEGR\u00cdA Y MOMENTOS \u00daNICOS CON QUIEN M\u00c1S QUIERAS. NUEVA TARJETA REGALO NICDO De 50\u20ac, 100\u20ac y 150\u20ac Con ella puedes regalar conciertos, ballet, \u00f3pera, espect\u00e1culos, exposiciones, festivales propios o pel\u00edculas\u2026 ya que esta tarjeta regalo se puede canjear por entradas de Baluarte, Navarra Arena, Filmoteca de Navarra y Planetario. No [&hellip;]\" \/>\n<meta property=\"og:url\" content=\"https:\/\/www.nicdo.es\/en\/gift-card\/\" \/>\n<meta property=\"og:site_name\" content=\"NICDO\" \/>\n<meta property=\"article:modified_time\" content=\"2025-09-15T12:55:27+00:00\" \/>\n<meta name=\"twitter:card\" content=\"summary_large_image\" \/>\n<meta name=\"twitter:label1\" content=\"Est. reading time\" \/>\n\t<meta name=\"twitter:data1\" content=\"2 minutes\" \/>\n<script type=\"application\/ld+json\" class=\"yoast-schema-graph\">{\"@context\":\"https:\/\/schema.org\",\"@graph\":[{\"@type\":\"WebPage\",\"@id\":\"https:\/\/www.nicdo.es\/en\/gift-card\/\",\"url\":\"https:\/\/www.nicdo.es\/en\/gift-card\/\",\"name\":\"Gif Card - NICDO\",\"isPartOf\":{\"@id\":\"https:\/\/www.nicdo.es\/en\/#website\"},\"datePublished\":\"2023-12-11T11:47:09+00:00\",\"dateModified\":\"2025-09-15T12:55:27+00:00\",\"breadcrumb\":{\"@id\":\"https:\/\/www.nicdo.es\/en\/gift-card\/#breadcrumb\"},\"inLanguage\":\"en-US\",\"potentialAction\":[{\"@type\":\"ReadAction\",\"target\":[\"https:\/\/www.nicdo.es\/en\/gift-card\/\"]}]},{\"@type\":\"BreadcrumbList\",\"@id\":\"https:\/\/www.nicdo.es\/en\/gift-card\/#breadcrumb\",\"itemListElement\":[{\"@type\":\"ListItem\",\"position\":1,\"name\":\"Portada\",\"item\":\"https:\/\/www.nicdo.es\/en\/\"},{\"@type\":\"ListItem\",\"position\":2,\"name\":\"Gif Card\"}]},{\"@type\":\"WebSite\",\"@id\":\"https:\/\/www.nicdo.es\/en\/#website\",\"url\":\"https:\/\/www.nicdo.es\/en\/\",\"name\":\"NICDO\",\"description\":\"NICDO\",\"publisher\":{\"@id\":\"https:\/\/www.nicdo.es\/en\/#organization\"},\"potentialAction\":[{\"@type\":\"SearchAction\",\"target\":{\"@type\":\"EntryPoint\",\"urlTemplate\":\"https:\/\/www.nicdo.es\/en\/?s={search_term_string}\"},\"query-input\":{\"@type\":\"PropertyValueSpecification\",\"valueRequired\":true,\"valueName\":\"search_term_string\"}}],\"inLanguage\":\"en-US\"},{\"@type\":\"Organization\",\"@id\":\"https:\/\/www.nicdo.es\/en\/#organization\",\"name\":\"NICDO\",\"url\":\"https:\/\/www.nicdo.es\/en\/\",\"logo\":{\"@type\":\"ImageObject\",\"inLanguage\":\"en-US\",\"@id\":\"https:\/\/www.nicdo.es\/en\/#\/schema\/logo\/image\/\",\"url\":\"https:\/\/www.nicdo.es\/wp-content\/uploads\/2022\/09\/nicdo.svg\",\"contentUrl\":\"https:\/\/www.nicdo.es\/wp-content\/uploads\/2022\/09\/nicdo.svg\",\"caption\":\"NICDO\"},\"image\":{\"@id\":\"https:\/\/www.nicdo.es\/en\/#\/schema\/logo\/image\/\"}}]}<\/script>\n<!-- \/ Yoast SEO plugin. -->","yoast_head_json":{"title":"Gif Card - NICDO","robots":{"index":"index","follow":"follow","max-snippet":"max-snippet:-1","max-image-preview":"max-image-preview:large","max-video-preview":"max-video-preview:-1"},"canonical":"https:\/\/www.nicdo.es\/en\/gift-card\/","og_locale":"en_US","og_type":"article","og_title":"Gif Card - NICDO","og_description":"REGALA CULTURA Y ESPECT\u00c1CULOS. REGALA ALEGR\u00cdA Y MOMENTOS \u00daNICOS CON QUIEN M\u00c1S QUIERAS. NUEVA TARJETA REGALO NICDO De 50\u20ac, 100\u20ac y 150\u20ac Con ella puedes regalar conciertos, ballet, \u00f3pera, espect\u00e1culos, exposiciones, festivales propios o pel\u00edculas\u2026 ya que esta tarjeta regalo se puede canjear por entradas de Baluarte, Navarra Arena, Filmoteca de Navarra y Planetario. No [&hellip;]","og_url":"https:\/\/www.nicdo.es\/en\/gift-card\/","og_site_name":"NICDO","article_modified_time":"2025-09-15T12:55:27+00:00","twitter_card":"summary_large_image","twitter_misc":{"Est. reading time":"2 minutes"},"schema":{"@context":"https:\/\/schema.org","@graph":[{"@type":"WebPage","@id":"https:\/\/www.nicdo.es\/en\/gift-card\/","url":"https:\/\/www.nicdo.es\/en\/gift-card\/","name":"Gif Card - NICDO","isPartOf":{"@id":"https:\/\/www.nicdo.es\/en\/#website"},"datePublished":"2023-12-11T11:47:09+00:00","dateModified":"2025-09-15T12:55:27+00:00","breadcrumb":{"@id":"https:\/\/www.nicdo.es\/en\/gift-card\/#breadcrumb"},"inLanguage":"en-US","potentialAction":[{"@type":"ReadAction","target":["https:\/\/www.nicdo.es\/en\/gift-card\/"]}]},{"@type":"BreadcrumbList","@id":"https:\/\/www.nicdo.es\/en\/gift-card\/#breadcrumb","itemListElement":[{"@type":"ListItem","position":1,"name":"Portada","item":"https:\/\/www.nicdo.es\/en\/"},{"@type":"ListItem","position":2,"name":"Gif Card"}]},{"@type":"WebSite","@id":"https:\/\/www.nicdo.es\/en\/#website","url":"https:\/\/www.nicdo.es\/en\/","name":"NICDO","description":"NICDO","publisher":{"@id":"https:\/\/www.nicdo.es\/en\/#organization"},"potentialAction":[{"@type":"SearchAction","target":{"@type":"EntryPoint","urlTemplate":"https:\/\/www.nicdo.es\/en\/?s={search_term_string}"},"query-input":{"@type":"PropertyValueSpecification","valueRequired":true,"valueName":"search_term_string"}}],"inLanguage":"en-US"},{"@type":"Organization","@id":"https:\/\/www.nicdo.es\/en\/#organization","name":"NICDO","url":"https:\/\/www.nicdo.es\/en\/","logo":{"@type":"ImageObject","inLanguage":"en-US","@id":"https:\/\/www.nicdo.es\/en\/#\/schema\/logo\/image\/","url":"https:\/\/www.nicdo.es\/wp-content\/uploads\/2022\/09\/nicdo.svg","contentUrl":"https:\/\/www.nicdo.es\/wp-content\/uploads\/2022\/09\/nicdo.svg","caption":"NICDO"},"image":{"@id":"https:\/\/www.nicdo.es\/en\/#\/schema\/logo\/image\/"}}]}},"_links":{"self":[{"href":"https:\/\/www.nicdo.es\/en\/wp-json\/wp\/v2\/pages\/7771"}],"collection":[{"href":"https:\/\/www.nicdo.es\/en\/wp-json\/wp\/v2\/pages"}],"about":[{"href":"https:\/\/www.nicdo.es\/en\/wp-json\/wp\/v2\/types\/page"}],"author":[{"embeddable":true,"href":"https:\/\/www.nicdo.es\/en\/wp-json\/wp\/v2\/users\/640"}],"replies":[{"embeddable":true,"href":"https:\/\/www.nicdo.es\/en\/wp-json\/wp\/v2\/comments?post=7771"}],"version-history":[{"count":6,"href":"https:\/\/www.nicdo.es\/en\/wp-json\/wp\/v2\/pages\/7771\/revisions"}],"predecessor-version":[{"id":10209,"href":"https:\/\/www.nicdo.es\/en\/wp-json\/wp\/v2\/pages\/7771\/revisions\/10209"}],"wp:attachment":[{"href":"https:\/\/www.nicdo.es\/en\/wp-json\/wp\/v2\/media?parent=7771"}],"curies":[{"name":"wp","href":"https:\/\/api.w.org\/{rel}","templated":true}]}}